{"id":11,"date":"2026-03-14T13:24:46","date_gmt":"2026-03-14T13:24:46","guid":{"rendered":"http:\/\/www.yannpiquer.com\/?page_id=11"},"modified":"2026-03-20T09:57:52","modified_gmt":"2026-03-20T09:57:52","slug":"courts-metrages","status":"publish","type":"page","link":"https:\/\/www.yannpiquer.com\/index.php\/courts-metrages\/","title":{"rendered":"COURT M\u00c9TRAGE"},"content":{"rendered":"\t\t<div data-elementor-type=\"wp-page\" data-elementor-id=\"11\" class=\"elementor elementor-11\">\n\t\t\t\t<div class=\"elementor-element elementor-element-018c405 e-flex e-con-boxed e-con e-parent\" data-id=\"018c405\" data-element_type=\"container\" data-e-type=\"container\">\n\t\t\t\t\t<div class=\"e-con-inner\">\n\t\t\t\t<div class=\"elementor-element elementor-element-6743141 elementor-widget elementor-widget-text-editor\" data-id=\"6743141\" data-element_type=\"widget\" data-e-type=\"widget\" data-widget_type=\"text-editor.default\">\n\t\t\t\t\t\t\t\t\t<p style=\"margin-bottom: 16px; font-style: normal; font-variant-caps: normal; font-width: normal; font-size: 14px; line-height: normal; font-family: Helvetica; font-size-adjust: none; font-kerning: auto; font-variant-alternates: normal; font-variant-ligatures: normal; font-variant-numeric: normal; font-variant-east-asian: normal; font-variant-position: normal; font-variant-emoji: normal; font-feature-settings: normal; font-optical-sizing: auto; font-variation-settings: normal; color: #242424;\">Production de plus de deux cent cinquante courts m\u00e9trages \u00e0 travers la soci\u00e9t\u00e9 de production de films Gulliver Productions parmi lesquels les \u0153uvres de\u00a0:<\/p><p style=\"margin-bottom: 16px; font-style: normal; font-variant-caps: normal; font-width: normal; font-size: 14px; line-height: normal; font-family: Helvetica; font-size-adjust: none; font-kerning: auto; font-variant-alternates: normal; font-variant-ligatures: normal; font-variant-numeric: normal; font-variant-east-asian: normal; font-variant-position: normal; font-variant-emoji: normal; font-feature-settings: normal; font-optical-sizing: auto; font-variation-settings: normal; color: #242424;\">Sarah L\u00e9vy (<i>Fausses Alertes, La Poupie<\/i>), Jan Kounen (<i>Captain X<\/i>), Didier Le P\u00eacheur (<i>Adieu monde cruel<\/i>), Arthur Joff\u00e9 (<i>Urgences, L\u2019Eau Vive<\/i>), Artus de Penguern (<i>Le Homard<\/i>), Alain Robak (<i>Corridor, Mauvais r\u00eave<\/i>), Adrien Ricciardelli (<i>Au diapason<\/i>), Yacine Sersar (<i>La queue<\/i>), Gilles Pujol (<i>Deux caf\u00e9s et l\u2019addition, Deux verveines et l&rsquo;addition<\/i>), Dodine Herry Grimaldi (<i>La patience d\u2019une m\u00e8re<\/i> &#8211; grand prix du court-m\u00e9trage \u00e0 Clermont-Ferrand en 2003), Jean-Marie Maddeddu (<i>Entracte, Sculpture Physique, Canadair<\/i>), \u00c9ric Valette (<i>D\u00e9gustation<\/i>), Emmanuel Bellegarde (<i>Le Chant des Brumes, L\u2019Ondine, Naissance d\u2019un H\u00e9ros<\/i>), Jean-Jacques Vanier (<i>Mission Lapin<\/i>), Thierry Boscheron (<i>Paranoland<\/i>) , Franck Gu\u00e9rin (<i>Nuisibles, La Fille aux Allumettes<\/i>), Fabien Gorgeart (<i>L\u2019Espace d\u2019un Cri<\/i>), Emmanuel Noyon (<i>Schizo Show, Bonjour<\/i>), Sma\u00efn (<i>\u00c0 quoi \u00e7a rime\u00a0?<\/i>), Jean-Marc Longval (<i>Famille Nombreuse<\/i>), Michel Leray (<i>Bloody Christmas<\/i>), Jean-Marc Froissart (Video Paradiso), Gr\u00e9gory Morin (<i>Belle Ordure<\/i>), Olivier Megaton (<i>Forte T\u00eate<\/i>), Yann Piquer (<i>La Sieste, Sculpture Physique, Coup de Lune<\/i> \u2013 Grand prix du court m\u00e9trage Sitges 2000), etc., etc.<\/p>\t\t\t\t\t\t\t\t<\/div>\n\t\t\t\t\t<\/div>\n\t\t\t\t<\/div>\n\t\t<div class=\"elementor-element elementor-element-81af88b e-flex e-con-boxed e-con e-parent\" data-id=\"81af88b\" data-element_type=\"container\" data-e-type=\"container\">\n\t\t\t\t\t<div class=\"e-con-inner\">\n\t\t<div class=\"elementor-element elementor-element-b859628 e-con-full e-flex e-con e-child\" data-id=\"b859628\" data-element_type=\"container\" data-e-type=\"container\">\n\t\t\t\t<div class=\"elementor-element elementor-element-2a840ef elementor-widget elementor-widget-video\" data-id=\"2a840ef\" data-element_type=\"widget\" data-e-type=\"widget\" data-settings=\"{&quot;youtube_url&quot;:&quot;https:\\\/\\\/youtu.be\\\/Qy30Z3iIEBE?si=07Qu5PHqUxzTkIJB&quot;,&quot;video_type&quot;:&quot;youtube&quot;,&quot;controls&quot;:&quot;yes&quot;}\" data-widget_type=\"video.default\">\n\t\t\t\t\t\t\t<div class=\"elementor-wrapper elementor-open-inline\">\n\t\t\t<div class=\"elementor-video\"><\/div>\t\t<\/div>\n\t\t\t\t\t\t<\/div>\n\t\t\t\t<\/div>\n\t\t<div class=\"elementor-element elementor-element-8040bc4 e-con-full e-flex e-con e-child\" data-id=\"8040bc4\" data-element_type=\"container\" data-e-type=\"container\">\n\t\t\t\t<div class=\"elementor-element elementor-element-711c76c elementor-widget elementor-widget-video\" data-id=\"711c76c\" data-element_type=\"widget\" data-e-type=\"widget\" data-settings=\"{&quot;youtube_url&quot;:&quot;https:\\\/\\\/youtu.be\\\/VlN9ideu_sE?si=6OlL73DpXX3KxY-b&quot;,&quot;video_type&quot;:&quot;youtube&quot;,&quot;controls&quot;:&quot;yes&quot;}\" data-widget_type=\"video.default\">\n\t\t\t\t\t\t\t<div class=\"elementor-wrapper elementor-open-inline\">\n\t\t\t<div class=\"elementor-video\"><\/div>\t\t<\/div>\n\t\t\t\t\t\t<\/div>\n\t\t\t\t<\/div>\n\t\t<div class=\"elementor-element elementor-element-8389b15 e-con-full e-flex e-con e-child\" data-id=\"8389b15\" data-element_type=\"container\" data-e-type=\"container\">\n\t\t\t\t<div class=\"elementor-element elementor-element-e4019ad elementor-widget elementor-widget-video\" data-id=\"e4019ad\" data-element_type=\"widget\" data-e-type=\"widget\" data-settings=\"{&quot;youtube_url&quot;:&quot;https:\\\/\\\/youtu.be\\\/ROU6UQSX2BA?si=bifSBm2DlVEGotfR&quot;,&quot;video_type&quot;:&quot;youtube&quot;,&quot;controls&quot;:&quot;yes&quot;}\" data-widget_type=\"video.default\">\n\t\t\t\t\t\t\t<div class=\"elementor-wrapper elementor-open-inline\">\n\t\t\t<div class=\"elementor-video\"><\/div>\t\t<\/div>\n\t\t\t\t\t\t<\/div>\n\t\t\t\t<\/div>\n\t\t<div class=\"elementor-element elementor-element-435bc7c e-con-full e-flex e-con e-child\" data-id=\"435bc7c\" data-element_type=\"container\" data-e-type=\"container\">\n\t\t\t\t<div class=\"elementor-element elementor-element-71c72fd elementor-widget elementor-widget-video\" data-id=\"71c72fd\" data-element_type=\"widget\" data-e-type=\"widget\" data-settings=\"{&quot;youtube_url&quot;:&quot;https:\\\/\\\/youtu.be\\\/7nlv1OZeoxE?si=mP89L0QXnHFXVwvq&quot;,&quot;video_type&quot;:&quot;youtube&quot;,&quot;controls&quot;:&quot;yes&quot;}\" data-widget_type=\"video.default\">\n\t\t\t\t\t\t\t<div class=\"elementor-wrapper elementor-open-inline\">\n\t\t\t<div class=\"elementor-video\"><\/div>\t\t<\/div>\n\t\t\t\t\t\t<\/div>\n\t\t\t\t<\/div>\n\t\t<div class=\"elementor-element elementor-element-6f1cf0c e-con-full e-flex e-con e-child\" data-id=\"6f1cf0c\" data-element_type=\"container\" data-e-type=\"container\">\n\t\t\t\t<div class=\"elementor-element elementor-element-eacfff2 elementor-widget elementor-widget-video\" data-id=\"eacfff2\" data-element_type=\"widget\" data-e-type=\"widget\" data-settings=\"{&quot;youtube_url&quot;:&quot;https:\\\/\\\/youtu.be\\\/R3NjXizioos?si=p3bJC8P4-yMvseIM&quot;,&quot;video_type&quot;:&quot;youtube&quot;,&quot;controls&quot;:&quot;yes&quot;}\" data-widget_type=\"video.default\">\n\t\t\t\t\t\t\t<div class=\"elementor-wrapper elementor-open-inline\">\n\t\t\t<div class=\"elementor-video\"><\/div>\t\t<\/div>\n\t\t\t\t\t\t<\/div>\n\t\t\t\t<\/div>\n\t\t<div class=\"elementor-element elementor-element-4dba2ff e-con-full e-flex e-con e-child\" data-id=\"4dba2ff\" data-element_type=\"container\" data-e-type=\"container\">\n\t\t\t\t<div class=\"elementor-element elementor-element-fa543d6 elementor-widget elementor-widget-video\" data-id=\"fa543d6\" data-element_type=\"widget\" data-e-type=\"widget\" data-settings=\"{&quot;youtube_url&quot;:&quot;https:\\\/\\\/youtu.be\\\/Ym2pwvZRgcU?si=sVBsFKauYsztfnAG&quot;,&quot;video_type&quot;:&quot;youtube&quot;,&quot;controls&quot;:&quot;yes&quot;}\" data-widget_type=\"video.default\">\n\t\t\t\t\t\t\t<div class=\"elementor-wrapper elementor-open-inline\">\n\t\t\t<div class=\"elementor-video\"><\/div>\t\t<\/div>\n\t\t\t\t\t\t<\/div>\n\t\t\t\t<\/div>\n\t\t\t\t\t<\/div>\n\t\t\t\t<\/div>\n\t\t<div class=\"elementor-element elementor-element-34276fa e-flex e-con-boxed e-con e-parent\" data-id=\"34276fa\" data-element_type=\"container\" data-e-type=\"container\">\n\t\t\t\t\t<div class=\"e-con-inner\">\n\t\t<div class=\"elementor-element elementor-element-8c349de e-con-full e-flex e-con e-child\" data-id=\"8c349de\" data-element_type=\"container\" data-e-type=\"container\">\n\t\t\t\t<div class=\"elementor-element elementor-element-93ecc53 elementor-widget elementor-widget-video\" data-id=\"93ecc53\" data-element_type=\"widget\" data-e-type=\"widget\" data-settings=\"{&quot;youtube_url&quot;:&quot;https:\\\/\\\/www.youtube.com\\\/watch?v=QBeoZRVR9eI&quot;,&quot;video_type&quot;:&quot;youtube&quot;,&quot;controls&quot;:&quot;yes&quot;}\" data-widget_type=\"video.default\">\n\t\t\t\t\t\t\t<div class=\"elementor-wrapper elementor-open-inline\">\n\t\t\t<div class=\"elementor-video\"><\/div>\t\t<\/div>\n\t\t\t\t\t\t<\/div>\n\t\t\t\t<\/div>\n\t\t<div class=\"elementor-element elementor-element-4a8ea7a e-con-full e-flex e-con e-child\" data-id=\"4a8ea7a\" data-element_type=\"container\" data-e-type=\"container\">\n\t\t\t\t<div class=\"elementor-element elementor-element-6748b22 elementor-widget elementor-widget-video\" data-id=\"6748b22\" data-element_type=\"widget\" data-e-type=\"widget\" data-settings=\"{&quot;youtube_url&quot;:&quot;https:\\\/\\\/www.youtube.com\\\/watch?v=D3B9R0jc9bk&quot;,&quot;video_type&quot;:&quot;youtube&quot;,&quot;controls&quot;:&quot;yes&quot;}\" data-widget_type=\"video.default\">\n\t\t\t\t\t\t\t<div class=\"elementor-wrapper elementor-open-inline\">\n\t\t\t<div class=\"elementor-video\"><\/div>\t\t<\/div>\n\t\t\t\t\t\t<\/div>\n\t\t\t\t<\/div>\n\t\t<div class=\"elementor-element elementor-element-edff9d8 e-con-full e-flex e-con e-child\" data-id=\"edff9d8\" data-element_type=\"container\" data-e-type=\"container\">\n\t\t\t\t<div class=\"elementor-element elementor-element-2357353 elementor-widget elementor-widget-video\" data-id=\"2357353\" data-element_type=\"widget\" data-e-type=\"widget\" data-settings=\"{&quot;youtube_url&quot;:&quot;https:\\\/\\\/www.youtube.com\\\/watch?v=IE9mXOIty54&quot;,&quot;video_type&quot;:&quot;youtube&quot;,&quot;controls&quot;:&quot;yes&quot;}\" data-widget_type=\"video.default\">\n\t\t\t\t\t\t\t<div class=\"elementor-wrapper elementor-open-inline\">\n\t\t\t<div class=\"elementor-video\"><\/div>\t\t<\/div>\n\t\t\t\t\t\t<\/div>\n\t\t\t\t<\/div>\n\t\t<div class=\"elementor-element elementor-element-f60106a e-con-full e-flex e-con e-child\" data-id=\"f60106a\" data-element_type=\"container\" data-e-type=\"container\">\n\t\t\t\t<\/div>\n\t\t<div class=\"elementor-element elementor-element-7ef0b82 e-con-full e-flex e-con e-child\" data-id=\"7ef0b82\" data-element_type=\"container\" data-e-type=\"container\">\n\t\t\t\t<\/div>\n\t\t<div class=\"elementor-element elementor-element-b4b0cf2 e-con-full e-flex e-con e-child\" data-id=\"b4b0cf2\" data-element_type=\"container\" data-e-type=\"container\">\n\t\t\t\t<\/div>\n\t\t\t\t\t<\/div>\n\t\t\t\t<\/div>\n\t\t\t\t<\/div>\n\t\t","protected":false},"excerpt":{"rendered":"<p>Production de plus de deux cent cinquante courts m\u00e9trages \u00e0 travers la soci\u00e9t\u00e9 de production de films Gulliver Productions parmi [&hellip;]<\/p>\n","protected":false},"author":1,"featured_media":0,"parent":0,"menu_order":0,"comment_status":"closed","ping_status":"closed","template":"","meta":{"site-sidebar-layout":"no-sidebar","site-content-layout":"","ast-site-content-layout":"full-width-container","site-content-style":"default","site-sidebar-style":"default","ast-global-header-display":"","ast-banner-title-visibility":"","ast-main-header-display":"","ast-hfb-above-header-display":"","ast-hfb-below-header-display":"","ast-hfb-mobile-header-display":"","site-post-title":"","ast-breadcrumbs-content":"","ast-featured-img":"disabled","footer-sml-layout":"","ast-disable-related-posts":"","theme-transparent-header-meta":"","adv-header-id-meta":"","stick-header-meta":"","header-above-stick-meta":"","header-main-stick-meta":"","header-below-stick-meta":"","astra-migrate-meta-layouts":"default","ast-page-background-enabled":"default","ast-page-background-meta":{"desktop":{"background-color":"var(--ast-global-color-5)","background-image":"","background-repeat":"repeat","background-position":"center center","background-size":"auto","background-attachment":"scroll","background-type":"","background-media":"","overlay-type":"","overlay-color":"","overlay-opacity":"","overlay-gradient":""},"tablet":{"background-color":"","background-image":"","background-repeat":"repeat","background-position":"center center","background-size":"auto","background-attachment":"scroll","background-type":"","background-media":"","overlay-type":"","overlay-color":"","overlay-opacity":"","overlay-gradient":""},"mobile":{"background-color":"","background-image":"","background-repeat":"repeat","background-position":"center center","background-size":"auto","background-attachment":"scroll","background-type":"","background-media":"","overlay-type":"","overlay-color":"","overlay-opacity":"","overlay-gradient":""}},"ast-content-background-meta":{"desktop":{"background-color":"var(--ast-global-color-4)","background-image":"","background-repeat":"repeat","background-position":"center center","background-size":"auto","background-attachment":"scroll","background-type":"","background-media":"","overlay-type":"","overlay-color":"","overlay-opacity":"","overlay-gradient":""},"tablet":{"background-color":"var(--ast-global-color-4)","background-image":"","background-repeat":"repeat","background-position":"center center","background-size":"auto","background-attachment":"scroll","background-type":"","background-media":"","overlay-type":"","overlay-color":"","overlay-opacity":"","overlay-gradient":""},"mobile":{"background-color":"var(--ast-global-color-4)","background-image":"","background-repeat":"repeat","background-position":"center center","background-size":"auto","background-attachment":"scroll","background-type":"","background-media":"","overlay-type":"","overlay-color":"","overlay-opacity":"","overlay-gradient":""}},"footnotes":""},"class_list":["post-11","page","type-page","status-publish","hentry"],"_links":{"self":[{"href":"https:\/\/www.yannpiquer.com\/index.php\/wp-json\/wp\/v2\/pages\/11","targetHints":{"allow":["GET"]}}],"collection":[{"href":"https:\/\/www.yannpiquer.com\/index.php\/wp-json\/wp\/v2\/pages"}],"about":[{"href":"https:\/\/www.yannpiquer.com\/index.php\/wp-json\/wp\/v2\/types\/page"}],"author":[{"embeddable":true,"href":"https:\/\/www.yannpiquer.com\/index.php\/wp-json\/wp\/v2\/users\/1"}],"replies":[{"embeddable":true,"href":"https:\/\/www.yannpiquer.com\/index.php\/wp-json\/wp\/v2\/comments?post=11"}],"version-history":[{"count":17,"href":"https:\/\/www.yannpiquer.com\/index.php\/wp-json\/wp\/v2\/pages\/11\/revisions"}],"predecessor-version":[{"id":326,"href":"https:\/\/www.yannpiquer.com\/index.php\/wp-json\/wp\/v2\/pages\/11\/revisions\/326"}],"wp:attachment":[{"href":"https:\/\/www.yannpiquer.com\/index.php\/wp-json\/wp\/v2\/media?parent=11"}],"curies":[{"name":"wp","href":"https:\/\/api.w.org\/{rel}","templated":true}]}}