{"id":13,"date":"2026-03-14T13:25:05","date_gmt":"2026-03-14T13:25:05","guid":{"rendered":"http:\/\/www.yannpiquer.com\/?page_id=13"},"modified":"2026-03-20T10:06:00","modified_gmt":"2026-03-20T10:06:00","slug":"long-metrage","status":"publish","type":"page","link":"https:\/\/www.yannpiquer.com\/index.php\/long-metrage\/","title":{"rendered":"LONG M\u00c9TRAGE"},"content":{"rendered":"\t\t<div data-elementor-type=\"wp-page\" data-elementor-id=\"13\" class=\"elementor elementor-13\">\n\t\t\t\t<div class=\"elementor-element elementor-element-66a2f60 e-flex e-con-boxed e-con e-parent\" data-id=\"66a2f60\" data-element_type=\"container\" data-e-type=\"container\">\n\t\t\t\t\t<div class=\"e-con-inner\">\n\t\t<div class=\"elementor-element elementor-element-75c1e49 e-con-full e-flex e-con e-child\" data-id=\"75c1e49\" data-element_type=\"container\" data-e-type=\"container\">\n\t\t\t\t<div class=\"elementor-element elementor-element-8172e00 elementor-widget elementor-widget-video\" data-id=\"8172e00\" data-element_type=\"widget\" data-e-type=\"widget\" data-settings=\"{&quot;youtube_url&quot;:&quot;https:\\\/\\\/www.youtube.com\\\/watch?v=dIG2ut9OOvI&quot;,&quot;video_type&quot;:&quot;youtube&quot;,&quot;controls&quot;:&quot;yes&quot;}\" data-widget_type=\"video.default\">\n\t\t\t\t\t\t\t<div class=\"elementor-wrapper elementor-open-inline\">\n\t\t\t<div class=\"elementor-video\"><\/div>\t\t<\/div>\n\t\t\t\t\t\t<\/div>\n\t\t\t\t<\/div>\n\t\t<div class=\"elementor-element elementor-element-d4a0b5b e-con-full e-flex e-con e-child\" data-id=\"d4a0b5b\" data-element_type=\"container\" data-e-type=\"container\">\n\t\t\t\t<div class=\"elementor-element elementor-element-329d3d3 elementor-widget elementor-widget-text-editor\" data-id=\"329d3d3\" data-element_type=\"widget\" data-e-type=\"widget\" data-widget_type=\"text-editor.default\">\n\t\t\t\t\t\t\t\t\t<h2><b>LE VOYAGE EN INDE<span class=\"Apple-converted-space\">\u00a0<\/span><\/b><\/h2><p><b>Un film de Yann PIQUER<\/b><b><span class=\"Apple-converted-space\"> <br \/><\/span><\/b><b style=\"font-style: inherit;\">Avec Michael CHIRINIAN, Fred GELARD,\u00a0 Sabine BAIL, Coralie REVEL, Carine LACROIX,\u00a0 Amanda RUBINSTEIN,\u00a0 Roland MENOU et Julie JUDD<br \/>Prix du long m\u00e9trage europ\u00e9en-rencontre franco am\u00e9ricaine Avignon<\/b><\/p><p>Suite \u00e0 la rupture avec son amie, Vincent se retrouve seul avec deux billets d\u2019avion pour l\u2019Inde. Il a trois semaines dans Paris d\u00e9sert\u00e9 du mois d\u2019aout pour trouver une femme pour partir &#8230;<br \/>Commence alors une succession de rencontres f\u00e9minines aussi cocasses qu\u2019inattendues <span style=\"font-size: 16px;\">qui vont bousculer toutes ses illusions sur l\u2019amiti\u00e9 et l\u2019amour .<\/span><\/p>\t\t\t\t\t\t\t\t<\/div>\n\t\t\t\t<\/div>\n\t\t<div class=\"elementor-element elementor-element-5d79d77 e-con-full e-flex e-con e-child\" data-id=\"5d79d77\" data-element_type=\"container\" data-e-type=\"container\">\n\t\t\t\t<div class=\"elementor-element elementor-element-82ff396 elementor-widget elementor-widget-video\" data-id=\"82ff396\" data-element_type=\"widget\" data-e-type=\"widget\" data-settings=\"{&quot;youtube_url&quot;:&quot;https:\\\/\\\/youtu.be\\\/QucWgdEWGr0?si=F2Xr4ixdgQBzgANC&quot;,&quot;video_type&quot;:&quot;youtube&quot;,&quot;controls&quot;:&quot;yes&quot;}\" data-widget_type=\"video.default\">\n\t\t\t\t\t\t\t<div class=\"elementor-wrapper elementor-open-inline\">\n\t\t\t<div class=\"elementor-video\"><\/div>\t\t<\/div>\n\t\t\t\t\t\t<\/div>\n\t\t\t\t<\/div>\n\t\t<div class=\"elementor-element elementor-element-0cba583 e-con-full e-flex e-con e-child\" data-id=\"0cba583\" data-element_type=\"container\" data-e-type=\"container\">\n\t\t\t\t<div class=\"elementor-element elementor-element-3170cc0 elementor-widget elementor-widget-text-editor\" data-id=\"3170cc0\" data-element_type=\"widget\" data-e-type=\"widget\" data-widget_type=\"text-editor.default\">\n\t\t\t\t\t\t\t\t\t<h2><strong>ADR\u00c9NALINE &#8211; BANDE ANNONCE<\/strong><\/h2><p><b style=\"font-style: inherit; font-family: var( --e-global-typography-text-font-family ), Sans-serif; text-align: var(--text-align);\">Un film de Yann PIQUER, Jean Marie MADDEDDU, Alain ROBAK, Barth\u00e9lemy BOMPART, Philippe DORISON, Anita ASSAL et John HUDSON<br \/><\/b><\/p><p><strong>Avec Jean Marie MADDEDDU, Cl\u00e9mentine C\u00c9LARI\u00c9, Ged MARLON,<span class=\"Apple-converted-space\">\u00a0 <\/span>Jean Francois GALOTTE , Alain AITHNARD, Franck BARUK et<span class=\"Apple-converted-space\">\u00a0 <\/span>Bernadette COQUERET<br \/><\/strong><span style=\"font-size: 16px;\">Et si le m\u00e9tro vous rendez fou\u00a0? Si le plafond de votre chambre se mettait \u00e0 descendre\u00a0? Si acheter une maison devenait une \u00e9preuve\u00a0? Si vous acceptiez toutes les tortures par amour\u00a0? S\u2019il manquait une mouche \u00e0 votre collection\u00a0? Si votre t\u00e9l\u00e9vision \u00e9tait poss\u00e9d\u00e9e par le diable\u00a0?<\/span>\u00a0 <span style=\"font-size: 16px;\">et si 7 r\u00e9alisateurs faisaient \u2018\u2019 LE FILMS\u2019\u2019 ?<\/span><\/p>\t\t\t\t\t\t\t\t<\/div>\n\t\t\t\t<\/div>\n\t\t\t\t\t<\/div>\n\t\t\t\t<\/div>\n\t\t<div class=\"elementor-element elementor-element-218b2d7 e-flex e-con-boxed e-con e-parent\" data-id=\"218b2d7\" data-element_type=\"container\" data-e-type=\"container\">\n\t\t\t\t\t<div class=\"e-con-inner\">\n\t\t<div class=\"elementor-element elementor-element-97fbda4 e-con-full e-flex e-con e-child\" data-id=\"97fbda4\" data-element_type=\"container\" data-e-type=\"container\">\n\t\t\t\t<div class=\"elementor-element elementor-element-3d29944 elementor-widget elementor-widget-video\" data-id=\"3d29944\" data-element_type=\"widget\" data-e-type=\"widget\" data-settings=\"{&quot;youtube_url&quot;:&quot;https:\\\/\\\/youtu.be\\\/VJWRelJrFfk?si=RtnxmIZmo-rN5S1Z&quot;,&quot;video_type&quot;:&quot;youtube&quot;,&quot;controls&quot;:&quot;yes&quot;}\" data-widget_type=\"video.default\">\n\t\t\t\t\t\t\t<div class=\"elementor-wrapper elementor-open-inline\">\n\t\t\t<div class=\"elementor-video\"><\/div>\t\t<\/div>\n\t\t\t\t\t\t<\/div>\n\t\t\t\t<\/div>\n\t\t<div class=\"elementor-element elementor-element-7865833 e-con-full e-flex e-con e-child\" data-id=\"7865833\" data-element_type=\"container\" data-e-type=\"container\">\n\t\t\t\t<div class=\"elementor-element elementor-element-67ccc0e elementor-widget elementor-widget-text-editor\" data-id=\"67ccc0e\" data-element_type=\"widget\" data-e-type=\"widget\" data-widget_type=\"text-editor.default\">\n\t\t\t\t\t\t\t\t\t<h2><strong>ADR\u00c9NALINE ET LA CRITIQUE<\/strong><\/h2><p>Un des films fantastique-ironiques les plus r\u00e9jouissant<span class=\"Apple-converted-space\">\u00a0 \u00a0 <\/span><strong>LE MONDE<\/strong><br \/>Si<span class=\"Apple-converted-space\">\u00a0 <\/span>HELLZAPOPPIN peut \u00e0 la rigueur \u00eatre racont\u00e9, ADRENALINE est mille fois plus explosif . <strong>Dictionnaire des films<span class=\"Apple-converted-space\">\u00a0 <\/span>Jean THULARD<\/strong><br \/>ADRENALINE<span class=\"Apple-converted-space\">\u00a0 <\/span>sera un jour un film chouchou, un film culte que s\u2019arracheront<span class=\"Apple-converted-space\">\u00a0 <\/span>les cin\u00e9ma de r\u00e9pertoire \u00a0<strong>Francine LAURENDE LE DEVOIR<\/strong><br \/><span style=\"font-size: 16px;\">Un voyage de 80 minutes entre rire et d\u00e9lires dans la vie quotidienne qui disjoncte . A d\u00e9couvrir.<\/span> \u00a0<span style=\"font-size: 16px;\"><strong>VIDEO 7<\/strong><br \/><\/span><span style=\"font-size: 16px;\">M\u00e9lange de l\u2019univers de TOPOR , BUNUEL et SPIELBERG , ADRENALINE est une oeuvre hors du commun. <\/span><strong><span style=\"font-size: 16px;\">JOANNA ORZECHOWSKA festival de VARSOVIE<\/span><\/strong><\/p>\t\t\t\t\t\t\t\t<\/div>\n\t\t\t\t<\/div>\n\t\t<div class=\"elementor-element elementor-element-759a775 e-con-full e-flex e-con e-child\" data-id=\"759a775\" data-element_type=\"container\" data-e-type=\"container\">\n\t\t\t\t<div class=\"elementor-element elementor-element-ce43cdc elementor-widget elementor-widget-image\" data-id=\"ce43cdc\" data-element_type=\"widget\" data-e-type=\"widget\" data-widget_type=\"image.default\">\n\t\t\t\t\t\t\t\t\t\t\t\t\t\t\t<img fetchpriority=\"high\" decoding=\"async\" width=\"724\" height=\"1024\" src=\"https:\/\/www.yannpiquer.com\/wp-content\/uploads\/2026\/03\/PAGE-29X27-724x1024.jpg\" class=\"attachment-large size-large wp-image-106\" alt=\"\" srcset=\"https:\/\/www.yannpiquer.com\/wp-content\/uploads\/2026\/03\/PAGE-29X27-724x1024.jpg 724w, https:\/\/www.yannpiquer.com\/wp-content\/uploads\/2026\/03\/PAGE-29X27-212x300.jpg 212w, https:\/\/www.yannpiquer.com\/wp-content\/uploads\/2026\/03\/PAGE-29X27-768x1086.jpg 768w, https:\/\/www.yannpiquer.com\/wp-content\/uploads\/2026\/03\/PAGE-29X27-1086x1536.jpg 1086w, https:\/\/www.yannpiquer.com\/wp-content\/uploads\/2026\/03\/PAGE-29X27.jpg 1414w\" sizes=\"(max-width: 724px) 100vw, 724px\" \/>\t\t\t\t\t\t\t\t\t\t\t\t\t\t\t<\/div>\n\t\t\t\t<\/div>\n\t\t<div class=\"elementor-element elementor-element-9a7b8c1 e-con-full e-flex e-con e-child\" data-id=\"9a7b8c1\" data-element_type=\"container\" data-e-type=\"container\">\n\t\t\t\t<div class=\"elementor-element elementor-element-b92879e elementor-widget elementor-widget-text-editor\" data-id=\"b92879e\" data-element_type=\"widget\" data-e-type=\"widget\" data-widget_type=\"text-editor.default\">\n\t\t\t\t\t\t\t\t\t<h2><strong>PARANO\u00a0<\/strong><\/h2><p><b>Un film de Yann PIQUER, Alain ROBAK, Manuel FLECHE, Anita ASSAL et John HUDSON<br \/><\/b><b>Avec SMAIN,<span class=\"Apple-converted-space\">\u00a0 <\/span>Jacques VILLERET, Patrick BOUCHITEZ, Alain CHABAT,<span class=\"Apple-converted-space\">\u00a0 <\/span>Jean Francois STEVENIN, Gustave PARKING et Jean Francois GALOTTE<\/b><\/p><p>Leurs petites annonces \u00e9taient mal formul\u00e9es. Ils n\u2019auraient jamais du se rencontrer. Lorsqu\u2018il se retrouve face \u00e0 elle, il n\u2019a plus qu\u2019une seule id\u00e9e\u00a0: la s\u00e9duire. Il va lui falloir \u00e9couter sans broncher les \u00e9tranges histoires que raconte cette Sh\u00e9razade un peu f\u00eal\u00e9e.. Pour elle, il est pr\u00eat \u00e0 tout m\u00eame au pire\u2026<\/p><p>PARANO, vraiment pas triste et loufoque, \u00e0 vous filer des frissons ou vous faire hurler de rire ! \u00a0 <b style=\"font-style: inherit;\">LE JOURNAL DU DIMANCHE<\/b><\/p><p>Une com\u00e9die qui fait mal <span class=\"Apple-converted-space\">\u00a0 <\/span>! Un film \u00e0 sketches devenu culte. <b>L\u2019ECRAN FANTASTIQUE<span class=\"Apple-converted-space\">\u00a0<br \/><\/span><\/b><b><br \/><\/b>Ces \u2018\u2019nerfs \u00e0 vif\u2019\u2019 comique et \u00e0 la fran\u00e7ais sont bien film\u00e9s, tr\u00e8s frais, tr\u00e8s rythm\u00e9s et toujours attractifs. \u00a0 <b style=\"font-style: inherit;\">PREMIERE<\/b><\/p><p>6 sketches de folie. \u00a0 \u00a0 \u00a0<b>PARISCOPE<\/b><\/p><p>Pour qui d\u00e9sesp\u00e8re du cin\u00e9ma fantastique en France, il doit d\u00e9couvrir PARANO de toute urgence. Plus on revoit ses sketches, plus on se rend compte de leur terrible efficacit\u00e9. Vous avez dit culte ? Parano est un film culte. \u00a0 \u00a0 <b>DVD DRAMA<\/b><\/p><p><strong>\u00a0<\/strong><\/p>\t\t\t\t\t\t\t\t<\/div>\n\t\t\t\t<\/div>\n\t\t\t\t\t<\/div>\n\t\t\t\t<\/div>\n\t\t<div class=\"elementor-element elementor-element-9b5b1fc e-flex e-con-boxed e-con e-parent\" data-id=\"9b5b1fc\" data-element_type=\"container\" data-e-type=\"container\">\n\t\t\t\t\t<div class=\"e-con-inner\">\n\t\t<div class=\"elementor-element elementor-element-e404507 e-con-full e-flex e-con e-child\" data-id=\"e404507\" data-element_type=\"container\" data-e-type=\"container\">\n\t\t\t\t<div class=\"elementor-element elementor-element-37bc06f elementor-widget elementor-widget-image\" data-id=\"37bc06f\" data-element_type=\"widget\" data-e-type=\"widget\" data-widget_type=\"image.default\">\n\t\t\t\t\t\t\t\t\t\t\t\t\t\t\t<img decoding=\"async\" width=\"724\" height=\"1024\" src=\"https:\/\/www.yannpiquer.com\/wp-content\/uploads\/2026\/03\/ca-sent-le-sapin-724x1024.jpg\" class=\"attachment-large size-large wp-image-105\" alt=\"\" srcset=\"https:\/\/www.yannpiquer.com\/wp-content\/uploads\/2026\/03\/ca-sent-le-sapin-724x1024.jpg 724w, https:\/\/www.yannpiquer.com\/wp-content\/uploads\/2026\/03\/ca-sent-le-sapin-212x300.jpg 212w, https:\/\/www.yannpiquer.com\/wp-content\/uploads\/2026\/03\/ca-sent-le-sapin-768x1086.jpg 768w, https:\/\/www.yannpiquer.com\/wp-content\/uploads\/2026\/03\/ca-sent-le-sapin-1086x1536.jpg 1086w, https:\/\/www.yannpiquer.com\/wp-content\/uploads\/2026\/03\/ca-sent-le-sapin-1448x2048.jpg 1448w, https:\/\/www.yannpiquer.com\/wp-content\/uploads\/2026\/03\/ca-sent-le-sapin.jpg 1591w\" sizes=\"(max-width: 724px) 100vw, 724px\" \/>\t\t\t\t\t\t\t\t\t\t\t\t\t\t\t<\/div>\n\t\t\t\t<\/div>\n\t\t<div class=\"elementor-element elementor-element-691b518 e-con-full e-flex e-con e-child\" data-id=\"691b518\" data-element_type=\"container\" data-e-type=\"container\">\n\t\t\t\t<div class=\"elementor-element elementor-element-a643eb2 elementor-widget elementor-widget-text-editor\" data-id=\"a643eb2\" data-element_type=\"widget\" data-e-type=\"widget\" data-widget_type=\"text-editor.default\">\n\t\t\t\t\t\t\t\t\t<h2><b>\u00c7A SENT LE SAPIN !<\/b><\/h2><p><b>Un film de Yann PIQUER, Michel LERAY, Francis GROSJEAN, David PERRAULT, Franck GUERIN, Anita ASSAL et John HUDSON<\/b><\/p><p><strong><span style=\"font-style: inherit; font-family: var( --e-global-typography-text-font-family ), Sans-serif; text-align: var(--text-align);\">Avec Albert DELPY, Artus de PENGUERN,<\/span><span style=\"font-style: inherit; font-family: var( --e-global-typography-text-font-family ), Sans-serif; text-align: var(--text-align);\">\u00a0 <\/span><span style=\"font-style: inherit; font-family: var( --e-global-typography-text-font-family ), Sans-serif; text-align: var(--text-align);\">Kad MERAD, Jean Claude DREYFUS,\u00a0<\/span><span style=\"font-family: var( --e-global-typography-text-font-family ), Sans-serif; font-style: inherit; text-align: var(--text-align);\">RUFUS, Annabelle ROHMER, Fr\u00e9d\u00e9rique BEL, Jerome ATAL et Sebastien GROSSET<\/span><\/strong><\/p><p>Le soir du 24 d\u00e9cembre, un vieil homme \u00e9trange d\u00e9barque dans le cabinet d\u2019un psychologue, exigeant une consultation d\u2019urgence .<br \/><span style=\"font-size: 16px;\">Hant\u00e9 par des histoires de No\u00ebl plus loufoques les une que les autres, l\u2019homme pr\u00e9tend \u00eatre poursuivi par des sapins \u2026<\/span><\/p>\t\t\t\t\t\t\t\t<\/div>\n\t\t\t\t<\/div>\n\t\t\t\t\t<\/div>\n\t\t\t\t<\/div>\n\t\t\t\t<\/div>\n\t\t","protected":false},"excerpt":{"rendered":"<p>https:\/\/www.youtube.com\/watch?v=dIG2ut9OOvI LE VOYAGE EN INDE\u00a0 Un film de Yann PIQUER Avec Michael CHIRINIAN, Fred GELARD,\u00a0 Sabine BAIL, Coralie REVEL, Carine [&hellip;]<\/p>\n","protected":false},"author":1,"featured_media":0,"parent":0,"menu_order":0,"comment_status":"closed","ping_status":"closed","template":"","meta":{"site-sidebar-layout":"no-sidebar","site-content-layout":"","ast-site-content-layout":"full-width-container","site-content-style":"default","site-sidebar-style":"default","ast-global-header-display":"","ast-banner-title-visibility":"","ast-main-header-display":"","ast-hfb-above-header-display":"","ast-hfb-below-header-display":"","ast-hfb-mobile-header-display":"","site-post-title":"","ast-breadcrumbs-content":"","ast-featured-img":"disabled","footer-sml-layout":"","ast-disable-related-posts":"","theme-transparent-header-meta":"","adv-header-id-meta":"","stick-header-meta":"","header-above-stick-meta":"","header-main-stick-meta":"","header-below-stick-meta":"","astra-migrate-meta-layouts":"default","ast-page-background-enabled":"default","ast-page-background-meta":{"desktop":{"background-color":"var(--ast-global-color-5)","background-image":"","background-repeat":"repeat","background-position":"center center","background-size":"auto","background-attachment":"scroll","background-type":"","background-media":"","overlay-type":"","overlay-color":"","overlay-opacity":"","overlay-gradient":""},"tablet":{"background-color":"","background-image":"","background-repeat":"repeat","background-position":"center center","background-size":"auto","background-attachment":"scroll","background-type":"","background-media":"","overlay-type":"","overlay-color":"","overlay-opacity":"","overlay-gradient":""},"mobile":{"background-color":"","background-image":"","background-repeat":"repeat","background-position":"center center","background-size":"auto","background-attachment":"scroll","background-type":"","background-media":"","overlay-type":"","overlay-color":"","overlay-opacity":"","overlay-gradient":""}},"ast-content-background-meta":{"desktop":{"background-color":"var(--ast-global-color-4)","background-image":"","background-repeat":"repeat","background-position":"center center","background-size":"auto","background-attachment":"scroll","background-type":"","background-media":"","overlay-type":"","overlay-color":"","overlay-opacity":"","overlay-gradient":""},"tablet":{"background-color":"var(--ast-global-color-4)","background-image":"","background-repeat":"repeat","background-position":"center center","background-size":"auto","background-attachment":"scroll","background-type":"","background-media":"","overlay-type":"","overlay-color":"","overlay-opacity":"","overlay-gradient":""},"mobile":{"background-color":"var(--ast-global-color-4)","background-image":"","background-repeat":"repeat","background-position":"center center","background-size":"auto","background-attachment":"scroll","background-type":"","background-media":"","overlay-type":"","overlay-color":"","overlay-opacity":"","overlay-gradient":""}},"footnotes":""},"class_list":["post-13","page","type-page","status-publish","hentry"],"_links":{"self":[{"href":"https:\/\/www.yannpiquer.com\/index.php\/wp-json\/wp\/v2\/pages\/13","targetHints":{"allow":["GET"]}}],"collection":[{"href":"https:\/\/www.yannpiquer.com\/index.php\/wp-json\/wp\/v2\/pages"}],"about":[{"href":"https:\/\/www.yannpiquer.com\/index.php\/wp-json\/wp\/v2\/types\/page"}],"author":[{"embeddable":true,"href":"https:\/\/www.yannpiquer.com\/index.php\/wp-json\/wp\/v2\/users\/1"}],"replies":[{"embeddable":true,"href":"https:\/\/www.yannpiquer.com\/index.php\/wp-json\/wp\/v2\/comments?post=13"}],"version-history":[{"count":55,"href":"https:\/\/www.yannpiquer.com\/index.php\/wp-json\/wp\/v2\/pages\/13\/revisions"}],"predecessor-version":[{"id":350,"href":"https:\/\/www.yannpiquer.com\/index.php\/wp-json\/wp\/v2\/pages\/13\/revisions\/350"}],"wp:attachment":[{"href":"https:\/\/www.yannpiquer.com\/index.php\/wp-json\/wp\/v2\/media?parent=13"}],"curies":[{"name":"wp","href":"https:\/\/api.w.org\/{rel}","templated":true}]}}