{"id":15,"date":"2026-03-14T13:25:20","date_gmt":"2026-03-14T13:25:20","guid":{"rendered":"http:\/\/www.yannpiquer.com\/?page_id=15"},"modified":"2026-03-23T21:18:18","modified_gmt":"2026-03-23T21:18:18","slug":"serie","status":"publish","type":"page","link":"https:\/\/www.yannpiquer.com\/index.php\/serie\/","title":{"rendered":"S\u00c9RIE"},"content":{"rendered":"\t\t<div data-elementor-type=\"wp-page\" data-elementor-id=\"15\" class=\"elementor elementor-15\">\n\t\t\t\t<div class=\"elementor-element elementor-element-7b5f4d2 e-flex e-con-boxed e-con e-parent\" data-id=\"7b5f4d2\" data-element_type=\"container\" data-e-type=\"container\">\n\t\t\t\t\t<div class=\"e-con-inner\">\n\t\t\t\t<div class=\"elementor-element elementor-element-1657793 elementor-widget elementor-widget-text-editor\" data-id=\"1657793\" data-element_type=\"widget\" data-e-type=\"widget\" data-widget_type=\"text-editor.default\">\n\t\t\t\t\t\t\t\t\t<p>Yann PIQUER a produit une dizaine de s\u00e9rie de courts m\u00e9trage avec CANAL PLUS et ARTE.<\/p>\n<p><strong>PLUS COURT QUE MOI TU MEURS &nbsp; <\/strong>30 X 2 \u00e0 5 m &nbsp; &nbsp;Premi\u00e8re s\u00e9rie compos\u00e9e de films ultra court<\/p>\n<p><strong>SEPT \u00c0 VOIR. <\/strong>7 films &nbsp;S\u00e9rie culte, premi\u00e8re commande de Canal Plus r\u00e9unissant notamment le film SCULPTURE PHYSIQUE prim\u00e9 \u00e0 Cannes et LA DERNIERE MOUCHE prim\u00e9 \u00e0 Avoriaz<\/p>\n<p><strong>PLAN SEQUENCE<\/strong>&nbsp; &nbsp;<span style=\"font-size: 16px;\">15 X 3 &nbsp;<\/span>20 m &nbsp;films sur le th\u00e8me du plan s\u00e9quence et de la subjectivit\u00e9,&nbsp;<br>Avec LE HOMARD&nbsp; Le premier court m\u00e9trage d&rsquo;Artus de PENGUERN <br>Et L &lsquo;AMOUR DECHIRE de Yann PIQUER, l\u2019un des rares courts m\u00e9trages r\u00e9unissant l\u2019ensemble des Robins des Bois.<\/p>\n<p><strong>ENTR &lsquo;ACTE INTERNATIONALE &nbsp; <\/strong>6 X 4 m sur les toilettes du monde entier, \u00e0 partir du film ENTR\u2019ACTE&nbsp;<\/p>\n<p><strong>NUITS BLANCHES<\/strong>&nbsp; 9 X 10 m sur le th\u00e8me du fantastique,&nbsp;<\/p>\n<p><strong>AVOIR 20 ANS &nbsp; <\/strong>10 X 6 m &nbsp;Sur les pr\u00e9occupations de la jeunesse,<br>Avec L\u2019EAU DOUCE&nbsp; d&rsquo;Arthur JOFFE avec Dominique PINON ,<\/p>\n<p>&nbsp;<strong>HISTOIRES DE NOEL<\/strong>&nbsp; 6 X 10 m &nbsp;Revisitation des contes de No\u00ebl<br>Avec le multi prim\u00e9 BLOODY CHRISTMAS de Michel LERAY avec Kad MERAD,<br>Et COUP DE LUNE de Yann PIQUER, grand prix du film fantastique de Sitges 2000<\/p>\n<p><strong>MODERN LOVE<\/strong> &nbsp;<span style=\"font-size: 16px;\">6 X 10 m &nbsp;<\/span>sur les nouveaux comportements amoureux<br>Avec<span style=\"font-style: inherit; font-family: var( --e-global-typography-text-font-family ), Sans-serif; text-align: var(--text-align);\">&nbsp;\u201c <\/span>SEX TAPE<span style=\"font-style: inherit; font-family: var( --e-global-typography-text-font-family ), Sans-serif; text-align: var(--text-align);\"> \u201c de Vincent HARTER avec Philippe VIEUX,<\/span>&nbsp; <span style=\"font-style: inherit; font-family: var( --e-global-typography-text-font-family ), Sans-serif; text-align: var(--text-align);\">prix d&rsquo;interpr\u00e9tation masculine,<\/span><\/p>\n<p><strong>LES INSOLENTS<\/strong>&nbsp; 9 X 26 m &nbsp;S\u00e9rie humoristique et insolente ,&nbsp; best off des productions Gulliver&nbsp;<\/p>\n<p><span style=\"font-family: var( --e-global-typography-text-font-family ), Sans-serif; font-style: inherit; text-align: var(--text-align);\">Dans son interview pour ARTE , Yann PIQUER, directeur de collection parle du processus de la s\u00e9rie et des relation avec les r\u00e9alisateur<\/span><\/p>\t\t\t\t\t\t\t\t<\/div>\n\t\t\t\t\t<\/div>\n\t\t\t\t<\/div>\n\t\t<div class=\"elementor-element elementor-element-3b12c00 e-flex e-con-boxed e-con e-parent\" data-id=\"3b12c00\" data-element_type=\"container\" data-e-type=\"container\">\n\t\t\t\t\t<div class=\"e-con-inner\">\n\t\t<div class=\"elementor-element elementor-element-6b08da3 e-con-full e-flex e-con e-child\" data-id=\"6b08da3\" data-element_type=\"container\" data-e-type=\"container\">\n\t\t\t\t<div class=\"elementor-element elementor-element-7126098 elementor-widget elementor-widget-video\" data-id=\"7126098\" data-element_type=\"widget\" data-e-type=\"widget\" data-settings=\"{&quot;youtube_url&quot;:&quot;https:\\\/\\\/www.youtube.com\\\/watch?v=5WPxB_s0yM8&quot;,&quot;video_type&quot;:&quot;youtube&quot;,&quot;controls&quot;:&quot;yes&quot;}\" data-widget_type=\"video.default\">\n\t\t\t\t\t\t\t<div class=\"elementor-wrapper elementor-open-inline\">\n\t\t\t<div class=\"elementor-video\"><\/div>\t\t<\/div>\n\t\t\t\t\t\t<\/div>\n\t\t\t\t<\/div>\n\t\t<div class=\"elementor-element elementor-element-437bd96 e-con-full e-flex e-con e-child\" data-id=\"437bd96\" data-element_type=\"container\" data-e-type=\"container\">\n\t\t\t\t<div class=\"elementor-element elementor-element-8ea3409 elementor-widget elementor-widget-video\" data-id=\"8ea3409\" data-element_type=\"widget\" data-e-type=\"widget\" data-settings=\"{&quot;youtube_url&quot;:&quot;https:\\\/\\\/www.youtube.com\\\/watch?v=esAgakUGwyA&quot;,&quot;video_type&quot;:&quot;youtube&quot;,&quot;controls&quot;:&quot;yes&quot;}\" data-widget_type=\"video.default\">\n\t\t\t\t\t\t\t<div class=\"elementor-wrapper elementor-open-inline\">\n\t\t\t<div class=\"elementor-video\"><\/div>\t\t<\/div>\n\t\t\t\t\t\t<\/div>\n\t\t\t\t<\/div>\n\t\t\t\t\t<\/div>\n\t\t\t\t<\/div>\n\t\t<div class=\"elementor-element elementor-element-106b913 e-flex e-con-boxed e-con e-parent\" data-id=\"106b913\" data-element_type=\"container\" data-e-type=\"container\">\n\t\t\t\t\t<div class=\"e-con-inner\">\n\t\t\t\t<div class=\"elementor-element elementor-element-5dedf12 elementor-widget elementor-widget-image-gallery\" data-id=\"5dedf12\" data-element_type=\"widget\" data-e-type=\"widget\" data-widget_type=\"image-gallery.default\">\n\t\t\t\t\t\t\t<div class=\"elementor-image-gallery\">\n\t\t\t<div id='gallery-1' class='gallery galleryid-15 gallery-columns-3 gallery-size-large'><figure class='gallery-item'>\n\t\t\t<div class='gallery-icon portrait'>\n\t\t\t\t<a data-elementor-open-lightbox=\"yes\" data-elementor-lightbox-slideshow=\"5dedf12\" data-elementor-lightbox-title=\"8 AFF_LesInsolents-REPRO pour reproduction Yann sans fond perdu _page-0001\" data-e-action-hash=\"#elementor-action%3Aaction%3Dlightbox%26settings%3DeyJpZCI6MTkzLCJ1cmwiOiJodHRwczpcL1wvd3d3Lnlhbm5waXF1ZXIuY29tXC93cC1jb250ZW50XC91cGxvYWRzXC8yMDI2XC8wM1wvOC1BRkZfTGVzSW5zb2xlbnRzLVJFUFJPLXBvdXItcmVwcm9kdWN0aW9uLVlhbm4tc2Fucy1mb25kLXBlcmR1LV9wYWdlLTAwMDEtc2NhbGVkLmpwZyIsInNsaWRlc2hvdyI6IjVkZWRmMTIifQ%3D%3D\" href='https:\/\/www.yannpiquer.com\/wp-content\/uploads\/2026\/03\/8-AFF_LesInsolents-REPRO-pour-reproduction-Yann-sans-fond-perdu-_page-0001-scaled.jpg'><img fetchpriority=\"high\" decoding=\"async\" width=\"724\" height=\"1024\" src=\"https:\/\/www.yannpiquer.com\/wp-content\/uploads\/2026\/03\/8-AFF_LesInsolents-REPRO-pour-reproduction-Yann-sans-fond-perdu-_page-0001-724x1024.jpg\" class=\"attachment-large size-large\" alt=\"\" srcset=\"https:\/\/www.yannpiquer.com\/wp-content\/uploads\/2026\/03\/8-AFF_LesInsolents-REPRO-pour-reproduction-Yann-sans-fond-perdu-_page-0001-724x1024.jpg 724w, https:\/\/www.yannpiquer.com\/wp-content\/uploads\/2026\/03\/8-AFF_LesInsolents-REPRO-pour-reproduction-Yann-sans-fond-perdu-_page-0001-212x300.jpg 212w, https:\/\/www.yannpiquer.com\/wp-content\/uploads\/2026\/03\/8-AFF_LesInsolents-REPRO-pour-reproduction-Yann-sans-fond-perdu-_page-0001-768x1086.jpg 768w, https:\/\/www.yannpiquer.com\/wp-content\/uploads\/2026\/03\/8-AFF_LesInsolents-REPRO-pour-reproduction-Yann-sans-fond-perdu-_page-0001-1086x1536.jpg 1086w, https:\/\/www.yannpiquer.com\/wp-content\/uploads\/2026\/03\/8-AFF_LesInsolents-REPRO-pour-reproduction-Yann-sans-fond-perdu-_page-0001-1448x2048.jpg 1448w, https:\/\/www.yannpiquer.com\/wp-content\/uploads\/2026\/03\/8-AFF_LesInsolents-REPRO-pour-reproduction-Yann-sans-fond-perdu-_page-0001-600x848.jpg 600w, https:\/\/www.yannpiquer.com\/wp-content\/uploads\/2026\/03\/8-AFF_LesInsolents-REPRO-pour-reproduction-Yann-sans-fond-perdu-_page-0001-scaled.jpg 1811w\" sizes=\"(max-width: 724px) 100vw, 724px\" \/><\/a>\n\t\t\t<\/div><\/figure><figure class='gallery-item'>\n\t\t\t<div class='gallery-icon portrait'>\n\t\t\t\t<a data-elementor-open-lightbox=\"yes\" data-elementor-lightbox-slideshow=\"5dedf12\" data-elementor-lightbox-title=\"7PDF MODERN LOVE_page-0002\" data-e-action-hash=\"#elementor-action%3Aaction%3Dlightbox%26settings%3DeyJpZCI6MTk0LCJ1cmwiOiJodHRwczpcL1wvd3d3Lnlhbm5waXF1ZXIuY29tXC93cC1jb250ZW50XC91cGxvYWRzXC8yMDI2XC8wM1wvN1BERi1NT0RFUk4tTE9WRV9wYWdlLTAwMDIuanBnIiwic2xpZGVzaG93IjoiNWRlZGYxMiJ9\" href='https:\/\/www.yannpiquer.com\/wp-content\/uploads\/2026\/03\/7PDF-MODERN-LOVE_page-0002.jpg'><img decoding=\"async\" width=\"725\" height=\"1024\" src=\"https:\/\/www.yannpiquer.com\/wp-content\/uploads\/2026\/03\/7PDF-MODERN-LOVE_page-0002-725x1024.jpg\" class=\"attachment-large size-large\" alt=\"\" srcset=\"https:\/\/www.yannpiquer.com\/wp-content\/uploads\/2026\/03\/7PDF-MODERN-LOVE_page-0002-725x1024.jpg 725w, https:\/\/www.yannpiquer.com\/wp-content\/uploads\/2026\/03\/7PDF-MODERN-LOVE_page-0002-212x300.jpg 212w, https:\/\/www.yannpiquer.com\/wp-content\/uploads\/2026\/03\/7PDF-MODERN-LOVE_page-0002-768x1085.jpg 768w, https:\/\/www.yannpiquer.com\/wp-content\/uploads\/2026\/03\/7PDF-MODERN-LOVE_page-0002-1087x1536.jpg 1087w, https:\/\/www.yannpiquer.com\/wp-content\/uploads\/2026\/03\/7PDF-MODERN-LOVE_page-0002-600x848.jpg 600w, https:\/\/www.yannpiquer.com\/wp-content\/uploads\/2026\/03\/7PDF-MODERN-LOVE_page-0002.jpg 1241w\" sizes=\"(max-width: 725px) 100vw, 725px\" \/><\/a>\n\t\t\t<\/div><\/figure><figure class='gallery-item'>\n\t\t\t<div class='gallery-icon portrait'>\n\t\t\t\t<a data-elementor-open-lightbox=\"yes\" data-elementor-lightbox-slideshow=\"5dedf12\" data-elementor-lightbox-title=\"6 HISTOIRES DE NEOL FLIER_page-0001\" data-e-action-hash=\"#elementor-action%3Aaction%3Dlightbox%26settings%3DeyJpZCI6MTk1LCJ1cmwiOiJodHRwczpcL1wvd3d3Lnlhbm5waXF1ZXIuY29tXC93cC1jb250ZW50XC91cGxvYWRzXC8yMDI2XC8wM1wvNi1ISVNUT0lSRVMtREUtTkVPTC1GTElFUl9wYWdlLTAwMDEuanBnIiwic2xpZGVzaG93IjoiNWRlZGYxMiJ9\" href='https:\/\/www.yannpiquer.com\/wp-content\/uploads\/2026\/03\/6-HISTOIRES-DE-NEOL-FLIER_page-0001.jpg'><img decoding=\"async\" width=\"738\" height=\"1024\" src=\"https:\/\/www.yannpiquer.com\/wp-content\/uploads\/2026\/03\/6-HISTOIRES-DE-NEOL-FLIER_page-0001-738x1024.jpg\" class=\"attachment-large size-large\" alt=\"\" srcset=\"https:\/\/www.yannpiquer.com\/wp-content\/uploads\/2026\/03\/6-HISTOIRES-DE-NEOL-FLIER_page-0001-738x1024.jpg 738w, https:\/\/www.yannpiquer.com\/wp-content\/uploads\/2026\/03\/6-HISTOIRES-DE-NEOL-FLIER_page-0001-216x300.jpg 216w, https:\/\/www.yannpiquer.com\/wp-content\/uploads\/2026\/03\/6-HISTOIRES-DE-NEOL-FLIER_page-0001-768x1065.jpg 768w, https:\/\/www.yannpiquer.com\/wp-content\/uploads\/2026\/03\/6-HISTOIRES-DE-NEOL-FLIER_page-0001-1107x1536.jpg 1107w, https:\/\/www.yannpiquer.com\/wp-content\/uploads\/2026\/03\/6-HISTOIRES-DE-NEOL-FLIER_page-0001-600x832.jpg 600w, https:\/\/www.yannpiquer.com\/wp-content\/uploads\/2026\/03\/6-HISTOIRES-DE-NEOL-FLIER_page-0001.jpg 1328w\" sizes=\"(max-width: 738px) 100vw, 738px\" \/><\/a>\n\t\t\t<\/div><\/figure><figure class='gallery-item'>\n\t\t\t<div class='gallery-icon portrait'>\n\t\t\t\t<a data-elementor-open-lightbox=\"yes\" data-elementor-lightbox-slideshow=\"5dedf12\" data-elementor-lightbox-title=\"5 AVOIR 20 ANS flier_page-0001\" data-e-action-hash=\"#elementor-action%3Aaction%3Dlightbox%26settings%3DeyJpZCI6MTk2LCJ1cmwiOiJodHRwczpcL1wvd3d3Lnlhbm5waXF1ZXIuY29tXC93cC1jb250ZW50XC91cGxvYWRzXC8yMDI2XC8wM1wvNS1BVk9JUi0yMC1BTlMtZmxpZXJfcGFnZS0wMDAxLmpwZyIsInNsaWRlc2hvdyI6IjVkZWRmMTIifQ%3D%3D\" href='https:\/\/www.yannpiquer.com\/wp-content\/uploads\/2026\/03\/5-AVOIR-20-ANS-flier_page-0001.jpg'><img loading=\"lazy\" decoding=\"async\" width=\"725\" height=\"1024\" src=\"https:\/\/www.yannpiquer.com\/wp-content\/uploads\/2026\/03\/5-AVOIR-20-ANS-flier_page-0001-725x1024.jpg\" class=\"attachment-large size-large\" alt=\"\" srcset=\"https:\/\/www.yannpiquer.com\/wp-content\/uploads\/2026\/03\/5-AVOIR-20-ANS-flier_page-0001-725x1024.jpg 725w, https:\/\/www.yannpiquer.com\/wp-content\/uploads\/2026\/03\/5-AVOIR-20-ANS-flier_page-0001-212x300.jpg 212w, https:\/\/www.yannpiquer.com\/wp-content\/uploads\/2026\/03\/5-AVOIR-20-ANS-flier_page-0001-768x1085.jpg 768w, https:\/\/www.yannpiquer.com\/wp-content\/uploads\/2026\/03\/5-AVOIR-20-ANS-flier_page-0001-1087x1536.jpg 1087w, https:\/\/www.yannpiquer.com\/wp-content\/uploads\/2026\/03\/5-AVOIR-20-ANS-flier_page-0001-600x848.jpg 600w, https:\/\/www.yannpiquer.com\/wp-content\/uploads\/2026\/03\/5-AVOIR-20-ANS-flier_page-0001.jpg 1241w\" sizes=\"(max-width: 725px) 100vw, 725px\" \/><\/a>\n\t\t\t<\/div><\/figure><figure class='gallery-item'>\n\t\t\t<div class='gallery-icon portrait'>\n\t\t\t\t<a data-elementor-open-lightbox=\"yes\" data-elementor-lightbox-slideshow=\"5dedf12\" data-elementor-lightbox-title=\"NUIT BLANCHE\" data-e-action-hash=\"#elementor-action%3Aaction%3Dlightbox%26settings%3DeyJpZCI6MjkzLCJ1cmwiOiJodHRwczpcL1wvd3d3Lnlhbm5waXF1ZXIuY29tXC93cC1jb250ZW50XC91cGxvYWRzXC8yMDI2XC8wM1wvTlVJVC1CTEFOQ0hFLmpwZyIsInNsaWRlc2hvdyI6IjVkZWRmMTIifQ%3D%3D\" href='https:\/\/www.yannpiquer.com\/wp-content\/uploads\/2026\/03\/NUIT-BLANCHE.jpg'><img loading=\"lazy\" decoding=\"async\" width=\"730\" height=\"1024\" src=\"https:\/\/www.yannpiquer.com\/wp-content\/uploads\/2026\/03\/NUIT-BLANCHE-730x1024.jpg\" class=\"attachment-large size-large\" alt=\"\" srcset=\"https:\/\/www.yannpiquer.com\/wp-content\/uploads\/2026\/03\/NUIT-BLANCHE-730x1024.jpg 730w, https:\/\/www.yannpiquer.com\/wp-content\/uploads\/2026\/03\/NUIT-BLANCHE-214x300.jpg 214w, https:\/\/www.yannpiquer.com\/wp-content\/uploads\/2026\/03\/NUIT-BLANCHE-768x1077.jpg 768w, https:\/\/www.yannpiquer.com\/wp-content\/uploads\/2026\/03\/NUIT-BLANCHE-1095x1536.jpg 1095w, https:\/\/www.yannpiquer.com\/wp-content\/uploads\/2026\/03\/NUIT-BLANCHE-600x841.jpg 600w, https:\/\/www.yannpiquer.com\/wp-content\/uploads\/2026\/03\/NUIT-BLANCHE.jpg 1104w\" sizes=\"(max-width: 730px) 100vw, 730px\" \/><\/a>\n\t\t\t<\/div><\/figure><figure class='gallery-item'>\n\t\t\t<div class='gallery-icon portrait'>\n\t\t\t\t<a data-elementor-open-lightbox=\"yes\" data-elementor-lightbox-slideshow=\"5dedf12\" data-elementor-lightbox-title=\"3 PLAN SEQUENCE\" data-e-action-hash=\"#elementor-action%3Aaction%3Dlightbox%26settings%3DeyJpZCI6MTk3LCJ1cmwiOiJodHRwczpcL1wvd3d3Lnlhbm5waXF1ZXIuY29tXC93cC1jb250ZW50XC91cGxvYWRzXC8yMDI2XC8wM1wvMy1QTEFOLVNFUVVFTkNFLS1zY2FsZWQuanBnIiwic2xpZGVzaG93IjoiNWRlZGYxMiJ9\" href='https:\/\/www.yannpiquer.com\/wp-content\/uploads\/2026\/03\/3-PLAN-SEQUENCE--scaled.jpg'><img loading=\"lazy\" decoding=\"async\" width=\"768\" height=\"1024\" src=\"https:\/\/www.yannpiquer.com\/wp-content\/uploads\/2026\/03\/3-PLAN-SEQUENCE--768x1024.jpg\" class=\"attachment-large size-large\" alt=\"\" srcset=\"https:\/\/www.yannpiquer.com\/wp-content\/uploads\/2026\/03\/3-PLAN-SEQUENCE--768x1024.jpg 768w, https:\/\/www.yannpiquer.com\/wp-content\/uploads\/2026\/03\/3-PLAN-SEQUENCE--225x300.jpg 225w, https:\/\/www.yannpiquer.com\/wp-content\/uploads\/2026\/03\/3-PLAN-SEQUENCE--1152x1536.jpg 1152w, https:\/\/www.yannpiquer.com\/wp-content\/uploads\/2026\/03\/3-PLAN-SEQUENCE--1536x2048.jpg 1536w, https:\/\/www.yannpiquer.com\/wp-content\/uploads\/2026\/03\/3-PLAN-SEQUENCE--600x800.jpg 600w, https:\/\/www.yannpiquer.com\/wp-content\/uploads\/2026\/03\/3-PLAN-SEQUENCE--scaled.jpg 1920w\" sizes=\"(max-width: 768px) 100vw, 768px\" \/><\/a>\n\t\t\t<\/div><\/figure><figure class='gallery-item'>\n\t\t\t<div class='gallery-icon portrait'>\n\t\t\t\t<a data-elementor-open-lightbox=\"yes\" data-elementor-lightbox-slideshow=\"5dedf12\" data-elementor-lightbox-title=\"2 SEPT A VOIR flier _page-0001\" data-e-action-hash=\"#elementor-action%3Aaction%3Dlightbox%26settings%3DeyJpZCI6MTk4LCJ1cmwiOiJodHRwczpcL1wvd3d3Lnlhbm5waXF1ZXIuY29tXC93cC1jb250ZW50XC91cGxvYWRzXC8yMDI2XC8wM1wvMi1TRVBULUEtVk9JUi1mbGllci1fcGFnZS0wMDAxLmpwZyIsInNsaWRlc2hvdyI6IjVkZWRmMTIifQ%3D%3D\" href='https:\/\/www.yannpiquer.com\/wp-content\/uploads\/2026\/03\/2-SEPT-A-VOIR-flier-_page-0001.jpg'><img loading=\"lazy\" decoding=\"async\" width=\"725\" height=\"1024\" src=\"https:\/\/www.yannpiquer.com\/wp-content\/uploads\/2026\/03\/2-SEPT-A-VOIR-flier-_page-0001-725x1024.jpg\" class=\"attachment-large size-large\" alt=\"\" srcset=\"https:\/\/www.yannpiquer.com\/wp-content\/uploads\/2026\/03\/2-SEPT-A-VOIR-flier-_page-0001-725x1024.jpg 725w, https:\/\/www.yannpiquer.com\/wp-content\/uploads\/2026\/03\/2-SEPT-A-VOIR-flier-_page-0001-212x300.jpg 212w, https:\/\/www.yannpiquer.com\/wp-content\/uploads\/2026\/03\/2-SEPT-A-VOIR-flier-_page-0001-768x1085.jpg 768w, https:\/\/www.yannpiquer.com\/wp-content\/uploads\/2026\/03\/2-SEPT-A-VOIR-flier-_page-0001-1087x1536.jpg 1087w, https:\/\/www.yannpiquer.com\/wp-content\/uploads\/2026\/03\/2-SEPT-A-VOIR-flier-_page-0001-600x848.jpg 600w, https:\/\/www.yannpiquer.com\/wp-content\/uploads\/2026\/03\/2-SEPT-A-VOIR-flier-_page-0001.jpg 1241w\" sizes=\"(max-width: 725px) 100vw, 725px\" \/><\/a>\n\t\t\t<\/div><\/figure><figure class='gallery-item'>\n\t\t\t<div class='gallery-icon portrait'>\n\t\t\t\t<a data-elementor-open-lightbox=\"yes\" data-elementor-lightbox-slideshow=\"5dedf12\" data-elementor-lightbox-title=\"1 PLUS COURT QUE MOI TU MEURS fliers _page-0001\" data-e-action-hash=\"#elementor-action%3Aaction%3Dlightbox%26settings%3DeyJpZCI6MTk5LCJ1cmwiOiJodHRwczpcL1wvd3d3Lnlhbm5waXF1ZXIuY29tXC93cC1jb250ZW50XC91cGxvYWRzXC8yMDI2XC8wM1wvMS1QTFVTLUNPVVJULVFVRS1NT0ktVFUtTUVVUlMtZmxpZXJzLV9wYWdlLTAwMDEuanBnIiwic2xpZGVzaG93IjoiNWRlZGYxMiJ9\" href='https:\/\/www.yannpiquer.com\/wp-content\/uploads\/2026\/03\/1-PLUS-COURT-QUE-MOI-TU-MEURS-fliers-_page-0001.jpg'><img loading=\"lazy\" decoding=\"async\" width=\"725\" height=\"1024\" src=\"https:\/\/www.yannpiquer.com\/wp-content\/uploads\/2026\/03\/1-PLUS-COURT-QUE-MOI-TU-MEURS-fliers-_page-0001-725x1024.jpg\" class=\"attachment-large size-large\" alt=\"\" srcset=\"https:\/\/www.yannpiquer.com\/wp-content\/uploads\/2026\/03\/1-PLUS-COURT-QUE-MOI-TU-MEURS-fliers-_page-0001-725x1024.jpg 725w, https:\/\/www.yannpiquer.com\/wp-content\/uploads\/2026\/03\/1-PLUS-COURT-QUE-MOI-TU-MEURS-fliers-_page-0001-212x300.jpg 212w, https:\/\/www.yannpiquer.com\/wp-content\/uploads\/2026\/03\/1-PLUS-COURT-QUE-MOI-TU-MEURS-fliers-_page-0001-768x1085.jpg 768w, https:\/\/www.yannpiquer.com\/wp-content\/uploads\/2026\/03\/1-PLUS-COURT-QUE-MOI-TU-MEURS-fliers-_page-0001-1087x1536.jpg 1087w, https:\/\/www.yannpiquer.com\/wp-content\/uploads\/2026\/03\/1-PLUS-COURT-QUE-MOI-TU-MEURS-fliers-_page-0001-600x848.jpg 600w, https:\/\/www.yannpiquer.com\/wp-content\/uploads\/2026\/03\/1-PLUS-COURT-QUE-MOI-TU-MEURS-fliers-_page-0001.jpg 1241w\" sizes=\"(max-width: 725px) 100vw, 725px\" \/><\/a>\n\t\t\t<\/div><\/figure><figure class='gallery-item'>\n\t\t\t<div class='gallery-icon portrait'>\n\t\t\t\t<a data-elementor-open-lightbox=\"yes\" data-elementor-lightbox-slideshow=\"5dedf12\" data-elementor-lightbox-title=\"9 interview yann piquer , directeur de collection_page-0001\" data-e-action-hash=\"#elementor-action%3Aaction%3Dlightbox%26settings%3DeyJpZCI6MTkyLCJ1cmwiOiJodHRwczpcL1wvd3d3Lnlhbm5waXF1ZXIuY29tXC93cC1jb250ZW50XC91cGxvYWRzXC8yMDI2XC8wM1wvOS1pbnRlcnZpZXcteWFubi1waXF1ZXItZGlyZWN0ZXVyLWRlLWNvbGxlY3Rpb25fcGFnZS0wMDAxLmpwZyIsInNsaWRlc2hvdyI6IjVkZWRmMTIifQ%3D%3D\" href='https:\/\/www.yannpiquer.com\/wp-content\/uploads\/2026\/03\/9-interview-yann-piquer-directeur-de-collection_page-0001.jpg'><img loading=\"lazy\" decoding=\"async\" width=\"725\" height=\"1024\" src=\"https:\/\/www.yannpiquer.com\/wp-content\/uploads\/2026\/03\/9-interview-yann-piquer-directeur-de-collection_page-0001-725x1024.jpg\" class=\"attachment-large size-large\" alt=\"\" srcset=\"https:\/\/www.yannpiquer.com\/wp-content\/uploads\/2026\/03\/9-interview-yann-piquer-directeur-de-collection_page-0001-725x1024.jpg 725w, https:\/\/www.yannpiquer.com\/wp-content\/uploads\/2026\/03\/9-interview-yann-piquer-directeur-de-collection_page-0001-212x300.jpg 212w, https:\/\/www.yannpiquer.com\/wp-content\/uploads\/2026\/03\/9-interview-yann-piquer-directeur-de-collection_page-0001-768x1085.jpg 768w, https:\/\/www.yannpiquer.com\/wp-content\/uploads\/2026\/03\/9-interview-yann-piquer-directeur-de-collection_page-0001-1087x1536.jpg 1087w, https:\/\/www.yannpiquer.com\/wp-content\/uploads\/2026\/03\/9-interview-yann-piquer-directeur-de-collection_page-0001-600x848.jpg 600w, https:\/\/www.yannpiquer.com\/wp-content\/uploads\/2026\/03\/9-interview-yann-piquer-directeur-de-collection_page-0001.jpg 1241w\" sizes=\"(max-width: 725px) 100vw, 725px\" \/><\/a>\n\t\t\t<\/div><\/figure><figure class='gallery-item'>\n\t\t\t<div class='gallery-icon portrait'>\n\t\t\t\t<a data-elementor-open-lightbox=\"yes\" data-elementor-lightbox-slideshow=\"5dedf12\" data-elementor-lightbox-title=\"9 interview yann piquer , directeur de collection_page-0002\" data-e-action-hash=\"#elementor-action%3Aaction%3Dlightbox%26settings%3DeyJpZCI6MTkxLCJ1cmwiOiJodHRwczpcL1wvd3d3Lnlhbm5waXF1ZXIuY29tXC93cC1jb250ZW50XC91cGxvYWRzXC8yMDI2XC8wM1wvOS1pbnRlcnZpZXcteWFubi1waXF1ZXItZGlyZWN0ZXVyLWRlLWNvbGxlY3Rpb25fcGFnZS0wMDAyLmpwZyIsInNsaWRlc2hvdyI6IjVkZWRmMTIifQ%3D%3D\" href='https:\/\/www.yannpiquer.com\/wp-content\/uploads\/2026\/03\/9-interview-yann-piquer-directeur-de-collection_page-0002.jpg'><img loading=\"lazy\" decoding=\"async\" width=\"725\" height=\"1024\" src=\"https:\/\/www.yannpiquer.com\/wp-content\/uploads\/2026\/03\/9-interview-yann-piquer-directeur-de-collection_page-0002-725x1024.jpg\" class=\"attachment-large size-large\" alt=\"\" srcset=\"https:\/\/www.yannpiquer.com\/wp-content\/uploads\/2026\/03\/9-interview-yann-piquer-directeur-de-collection_page-0002-725x1024.jpg 725w, https:\/\/www.yannpiquer.com\/wp-content\/uploads\/2026\/03\/9-interview-yann-piquer-directeur-de-collection_page-0002-212x300.jpg 212w, https:\/\/www.yannpiquer.com\/wp-content\/uploads\/2026\/03\/9-interview-yann-piquer-directeur-de-collection_page-0002-768x1085.jpg 768w, https:\/\/www.yannpiquer.com\/wp-content\/uploads\/2026\/03\/9-interview-yann-piquer-directeur-de-collection_page-0002-1087x1536.jpg 1087w, https:\/\/www.yannpiquer.com\/wp-content\/uploads\/2026\/03\/9-interview-yann-piquer-directeur-de-collection_page-0002-600x848.jpg 600w, https:\/\/www.yannpiquer.com\/wp-content\/uploads\/2026\/03\/9-interview-yann-piquer-directeur-de-collection_page-0002.jpg 1241w\" sizes=\"(max-width: 725px) 100vw, 725px\" \/><\/a>\n\t\t\t<\/div><\/figure>\n\t\t<\/div>\n\t\t<\/div>\n\t\t\t\t\t\t<\/div>\n\t\t\t\t\t<\/div>\n\t\t\t\t<\/div>\n\t\t\t\t<\/div>\n\t\t","protected":false},"excerpt":{"rendered":"<p>Yann PIQUER a produit une dizaine de s\u00e9rie de courts m\u00e9trage avec CANAL PLUS et ARTE. PLUS COURT QUE MOI [&hellip;]<\/p>\n","protected":false},"author":1,"featured_media":0,"parent":0,"menu_order":0,"comment_status":"closed","ping_status":"closed","template":"","meta":{"site-sidebar-layout":"no-sidebar","site-content-layout":"","ast-site-content-layout":"full-width-container","site-content-style":"default","site-sidebar-style":"default","ast-global-header-display":"","ast-banner-title-visibility":"","ast-main-header-display":"","ast-hfb-above-header-display":"","ast-hfb-below-header-display":"","ast-hfb-mobile-header-display":"","site-post-title":"","ast-breadcrumbs-content":"","ast-featured-img":"disabled","footer-sml-layout":"","ast-disable-related-posts":"","theme-transparent-header-meta":"","adv-header-id-meta":"","stick-header-meta":"","header-above-stick-meta":"","header-main-stick-meta":"","header-below-stick-meta":"","astra-migrate-meta-layouts":"default","ast-page-background-enabled":"default","ast-page-background-meta":{"desktop":{"background-color":"var(--ast-global-color-5)","background-image":"","background-repeat":"repeat","background-position":"center center","background-size":"auto","background-attachment":"scroll","background-type":"","background-media":"","overlay-type":"","overlay-color":"","overlay-opacity":"","overlay-gradient":""},"tablet":{"background-color":"","background-image":"","background-repeat":"repeat","background-position":"center center","background-size":"auto","background-attachment":"scroll","background-type":"","background-media":"","overlay-type":"","overlay-color":"","overlay-opacity":"","overlay-gradient":""},"mobile":{"background-color":"","background-image":"","background-repeat":"repeat","background-position":"center center","background-size":"auto","background-attachment":"scroll","background-type":"","background-media":"","overlay-type":"","overlay-color":"","overlay-opacity":"","overlay-gradient":""}},"ast-content-background-meta":{"desktop":{"background-color":"var(--ast-global-color-4)","background-image":"","background-repeat":"repeat","background-position":"center center","background-size":"auto","background-attachment":"scroll","background-type":"","background-media":"","overlay-type":"","overlay-color":"","overlay-opacity":"","overlay-gradient":""},"tablet":{"background-color":"var(--ast-global-color-4)","background-image":"","background-repeat":"repeat","background-position":"center center","background-size":"auto","background-attachment":"scroll","background-type":"","background-media":"","overlay-type":"","overlay-color":"","overlay-opacity":"","overlay-gradient":""},"mobile":{"background-color":"var(--ast-global-color-4)","background-image":"","background-repeat":"repeat","background-position":"center center","background-size":"auto","background-attachment":"scroll","background-type":"","background-media":"","overlay-type":"","overlay-color":"","overlay-opacity":"","overlay-gradient":""}},"footnotes":""},"class_list":["post-15","page","type-page","status-publish","hentry"],"_links":{"self":[{"href":"https:\/\/www.yannpiquer.com\/index.php\/wp-json\/wp\/v2\/pages\/15","targetHints":{"allow":["GET"]}}],"collection":[{"href":"https:\/\/www.yannpiquer.com\/index.php\/wp-json\/wp\/v2\/pages"}],"about":[{"href":"https:\/\/www.yannpiquer.com\/index.php\/wp-json\/wp\/v2\/types\/page"}],"author":[{"embeddable":true,"href":"https:\/\/www.yannpiquer.com\/index.php\/wp-json\/wp\/v2\/users\/1"}],"replies":[{"embeddable":true,"href":"https:\/\/www.yannpiquer.com\/index.php\/wp-json\/wp\/v2\/comments?post=15"}],"version-history":[{"count":67,"href":"https:\/\/www.yannpiquer.com\/index.php\/wp-json\/wp\/v2\/pages\/15\/revisions"}],"predecessor-version":[{"id":366,"href":"https:\/\/www.yannpiquer.com\/index.php\/wp-json\/wp\/v2\/pages\/15\/revisions\/366"}],"wp:attachment":[{"href":"https:\/\/www.yannpiquer.com\/index.php\/wp-json\/wp\/v2\/media?parent=15"}],"curies":[{"name":"wp","href":"https:\/\/api.w.org\/{rel}","templated":true}]}}