{"id":130,"date":"2026-03-16T12:34:15","date_gmt":"2026-03-16T12:34:15","guid":{"rendered":"https:\/\/www.yannpiquer.com\/?post_type=product&#038;p=130"},"modified":"2026-04-22T17:25:08","modified_gmt":"2026-04-22T17:25:08","slug":"dvd-parano","status":"publish","type":"product","link":"https:\/\/www.yannpiquer.com\/index.php\/produit\/dvd-parano\/","title":{"rendered":"DVD PARANO"},"content":{"rendered":"","protected":false},"excerpt":{"rendered":"<p><b>Un film de Yann PIQUER, Alain ROBAK, Manuel FLECHE, Anita ASSAL et John HUDSON<br \/>\n<\/b><b>Avec SMAIN,<span class=\"Apple-converted-space\">\u00a0 <\/span>Jacques VILLERET, Patrick BOUCHITEZ, Alain CHABAT,<span class=\"Apple-converted-space\">\u00a0 <\/span>Jean Francois STEVENIN, Gustave PARKING et Jean Francois GALOTTE<\/b><\/p>\n<p>Leurs petites annonces \u00e9taient mal formul\u00e9es. Ils n\u2019auraient jamais du se rencontrer. Lorsqu\u2018il se retrouve face \u00e0 elle, il n\u2019a plus qu\u2019une seule id\u00e9e\u00a0: la s\u00e9duire. Il va lui falloir \u00e9couter sans broncher les \u00e9tranges histoires que raconte cette Sh\u00e9razade un peu f\u00eal\u00e9e.. Pour elle, il est pr\u00eat \u00e0 tout m\u00eame au pire\u2026<\/p>\n<p>PARANO, vraiment pas triste et loufoque, \u00e0 vous filer des frissons ou vous faire hurler de rire ! \u00a0 <b>LE JOURNAL DU DIMANCHE<\/b><\/p>\n<p>Une com\u00e9die qui fait mal <span class=\"Apple-converted-space\">\u00a0 <\/span>! Un film \u00e0 sketches devenu culte. <b>L\u2019ECRAN FANTASTIQUE<span class=\"Apple-converted-space\"><br \/>\n<\/span><\/b><b><br \/>\n<\/b>Ces \u2018\u2019nerfs \u00e0 vif\u2019\u2019 comique et \u00e0 la fran\u00e7ais sont bien film\u00e9s, tr\u00e8s frais, tr\u00e8s rythm\u00e9s et toujours attractifs. \u00a0 <b>PREMIERE<\/b><\/p>\n<p>6 sketches de folie. \u00a0 \u00a0 \u00a0<b>PARISCOPE<\/b><\/p>\n<p>Pour qui d\u00e9sesp\u00e8re du cin\u00e9ma fantastique en France, il doit d\u00e9couvrir PARANO de toute urgence. Plus on revoit ses sketches, plus on se rend compte de leur terrible efficacit\u00e9. Vous avez dit culte ? Parano est un film culte. \u00a0 \u00a0 <b>DVD DRAMA<\/b><\/p>\n","protected":false},"featured_media":229,"comment_status":"open","ping_status":"closed","template":"","meta":{"site-sidebar-layout":"default","site-content-layout":"","ast-site-content-layout":"default","site-content-style":"default","site-sidebar-style":"default","ast-global-header-display":"","ast-banner-title-visibility":"","ast-main-header-display":"","ast-hfb-above-header-display":"","ast-hfb-below-header-display":"","ast-hfb-mobile-header-display":"","site-post-title":"","ast-breadcrumbs-content":"","ast-featured-img":"","footer-sml-layout":"","ast-disable-related-posts":"","theme-transparent-header-meta":"default","adv-header-id-meta":"","stick-header-meta":"","header-above-stick-meta":"","header-main-stick-meta":"","header-below-stick-meta":"","astra-migrate-meta-layouts":"set","ast-page-background-enabled":"default","ast-page-background-meta":{"desktop":{"background-color":"var(--ast-global-color-5)","background-image":"","background-repeat":"repeat","background-position":"center center","background-size":"auto","background-attachment":"scroll","background-type":"","background-media":"","overlay-type":"","overlay-color":"","overlay-opacity":"","overlay-gradient":""},"tablet":{"background-color":"","background-image":"","background-repeat":"repeat","background-position":"center center","background-size":"auto","background-attachment":"scroll","background-type":"","background-media":"","overlay-type":"","overlay-color":"","overlay-opacity":"","overlay-gradient":""},"mobile":{"background-color":"","background-image":"","background-repeat":"repeat","background-position":"center center","background-size":"auto","background-attachment":"scroll","background-type":"","background-media":"","overlay-type":"","overlay-color":"","overlay-opacity":"","overlay-gradient":""}},"ast-content-background-meta":{"desktop":{"background-color":"var(--ast-global-color-4)","background-image":"","background-repeat":"repeat","background-position":"center center","background-size":"auto","background-attachment":"scroll","background-type":"","background-media":"","overlay-type":"","overlay-color":"","overlay-opacity":"","overlay-gradient":""},"tablet":{"background-color":"var(--ast-global-color-4)","background-image":"","background-repeat":"repeat","background-position":"center center","background-size":"auto","background-attachment":"scroll","background-type":"","background-media":"","overlay-type":"","overlay-color":"","overlay-opacity":"","overlay-gradient":""},"mobile":{"background-color":"var(--ast-global-color-4)","background-image":"","background-repeat":"repeat","background-position":"center center","background-size":"auto","background-attachment":"scroll","background-type":"","background-media":"","overlay-type":"","overlay-color":"","overlay-opacity":"","overlay-gradient":""}}},"product_brand":[],"product_cat":[19],"product_tag":[],"class_list":{"0":"post-130","1":"product","2":"type-product","3":"status-publish","4":"has-post-thumbnail","6":"product_cat-dvd","7":"desktop-align-left","8":"tablet-align-left","9":"mobile-align-left","11":"first","12":"instock","13":"shipping-taxable","14":"purchasable","15":"product-type-simple"},"_links":{"self":[{"href":"https:\/\/www.yannpiquer.com\/index.php\/wp-json\/wp\/v2\/product\/130","targetHints":{"allow":["GET"]}}],"collection":[{"href":"https:\/\/www.yannpiquer.com\/index.php\/wp-json\/wp\/v2\/product"}],"about":[{"href":"https:\/\/www.yannpiquer.com\/index.php\/wp-json\/wp\/v2\/types\/product"}],"replies":[{"embeddable":true,"href":"https:\/\/www.yannpiquer.com\/index.php\/wp-json\/wp\/v2\/comments?post=130"}],"wp:featuredmedia":[{"embeddable":true,"href":"https:\/\/www.yannpiquer.com\/index.php\/wp-json\/wp\/v2\/media\/229"}],"wp:attachment":[{"href":"https:\/\/www.yannpiquer.com\/index.php\/wp-json\/wp\/v2\/media?parent=130"}],"wp:term":[{"taxonomy":"product_brand","embeddable":true,"href":"https:\/\/www.yannpiquer.com\/index.php\/wp-json\/wp\/v2\/product_brand?post=130"},{"taxonomy":"product_cat","embeddable":true,"href":"https:\/\/www.yannpiquer.com\/index.php\/wp-json\/wp\/v2\/product_cat?post=130"},{"taxonomy":"product_tag","embeddable":true,"href":"https:\/\/www.yannpiquer.com\/index.php\/wp-json\/wp\/v2\/product_tag?post=130"}],"curies":[{"name":"wp","href":"https:\/\/api.w.org\/{rel}","templated":true}]}}