{"id":232,"date":"2026-03-19T09:37:47","date_gmt":"2026-03-19T09:37:47","guid":{"rendered":"https:\/\/www.yannpiquer.com\/?post_type=product&#038;p=232"},"modified":"2026-03-23T21:22:01","modified_gmt":"2026-03-23T21:22:01","slug":"dvd-adrenaline","status":"publish","type":"product","link":"https:\/\/www.yannpiquer.com\/index.php\/produit\/dvd-adrenaline\/","title":{"rendered":"DVD ADR\u00c9NALINE"},"content":{"rendered":"","protected":false},"excerpt":{"rendered":"<p><b>ADRENALINE<\/b><\/p>\n<p><b>Un film de Yann PIQUER, Jean Marie MADDEDDU, Alain ROBAK, Barth\u00e9lemy BOMPART, Philippe DORISON, Anita ASSAL et John HUDSON<br \/>\n<\/b><span style=\"font-size: 16px;\">Avec Jean Marie MADDEDDU, Cl\u00e9mentine C\u00c9LARI\u00c9, Ged MARLON,<\/span>\u00a0 <span style=\"font-size: 16px;\">Jean Francois GALOTTE , Alain AITHNARD, Franck BARUK et<\/span>\u00a0 <span style=\"font-size: 16px;\">Bernadette COQUERET<\/span><\/p>\n<p>Et si le m\u00e9tro vous rendez fou\u00a0? Si le plafond de votre chambre se mettait \u00e0 descendre\u00a0? Si acheter une maison devenait une \u00e9preuve\u00a0? Si vous acceptiez toutes les tortures par amour\u00a0? S\u2019il manquait une mouche \u00e0 votre collection\u00a0? Si votre t\u00e9l\u00e9vision \u00e9tait poss\u00e9d\u00e9e par le diable\u00a0?<span class=\"Apple-converted-space\">\u00a0 <\/span>et si 7 r\u00e9alisateurs faisaient \u2018\u2019 LE FILMS\u2019\u2019 ?<br \/>\n<span style=\"font-size: 16px;\">Un des films fantastique-ironiques les plus r\u00e9jouissant<\/span>\u00a0 \u00a0 <span style=\"font-size: 16px;\">LE MONDE<\/span><\/p>\n<p><span style=\"font-size: 16px;\">Si<\/span>\u00a0 <span style=\"font-size: 16px;\">HELLZAPOPPIN peut \u00e0 la rigueur \u00eatre racont\u00e9, ADRENALINE est mille fois plus explosif . <\/span><br \/>\n<span style=\"font-size: 16px;\">Dictionnaire des films<\/span>\u00a0 <span style=\"font-size: 16px;\">Jean THULARD<br \/>\n<\/span><span style=\"font-size: 16px;\">ADRENALINE<\/span><span style=\"font-size: 16px;\">\u00a0 <\/span><span style=\"font-size: 16px;\">sera un jour un film chouchou, un film culte que s\u2019arracheront<\/span><span style=\"font-size: 16px;\">\u00a0 <\/span><span style=\"font-size: 16px;\">les cin\u00e9ma de r\u00e9pertoire <\/span><span style=\"font-size: 16px;\">Francine<\/span><span style=\"font-size: 16px;\">\u00a0 <\/span><span style=\"font-size: 16px;\">LAURENDE. <\/span><span style=\"font-size: 16px;\">\u00a0 <\/span><span style=\"font-size: 16px;\">LE DEVOIR<\/span><\/p>\n<p>&nbsp;<\/p>\n","protected":false},"featured_media":228,"comment_status":"open","ping_status":"closed","template":"","meta":{"site-sidebar-layout":"default","site-content-layout":"","ast-site-content-layout":"default","site-content-style":"default","site-sidebar-style":"default","ast-global-header-display":"","ast-banner-title-visibility":"","ast-main-header-display":"","ast-hfb-above-header-display":"","ast-hfb-below-header-display":"","ast-hfb-mobile-header-display":"","site-post-title":"","ast-breadcrumbs-content":"","ast-featured-img":"","footer-sml-layout":"","ast-disable-related-posts":"","theme-transparent-header-meta":"default","adv-header-id-meta":"","stick-header-meta":"","header-above-stick-meta":"","header-main-stick-meta":"","header-below-stick-meta":"","astra-migrate-meta-layouts":"set","ast-page-background-enabled":"default","ast-page-background-meta":{"desktop":{"background-color":"var(--ast-global-color-5)","background-image":"","background-repeat":"repeat","background-position":"center center","background-size":"auto","background-attachment":"scroll","background-type":"","background-media":"","overlay-type":"","overlay-color":"","overlay-opacity":"","overlay-gradient":""},"tablet":{"background-color":"","background-image":"","background-repeat":"repeat","background-position":"center center","background-size":"auto","background-attachment":"scroll","background-type":"","background-media":"","overlay-type":"","overlay-color":"","overlay-opacity":"","overlay-gradient":""},"mobile":{"background-color":"","background-image":"","background-repeat":"repeat","background-position":"center center","background-size":"auto","background-attachment":"scroll","background-type":"","background-media":"","overlay-type":"","overlay-color":"","overlay-opacity":"","overlay-gradient":""}},"ast-content-background-meta":{"desktop":{"background-color":"var(--ast-global-color-4)","background-image":"","background-repeat":"repeat","background-position":"center center","background-size":"auto","background-attachment":"scroll","background-type":"","background-media":"","overlay-type":"","overlay-color":"","overlay-opacity":"","overlay-gradient":""},"tablet":{"background-color":"var(--ast-global-color-4)","background-image":"","background-repeat":"repeat","background-position":"center center","background-size":"auto","background-attachment":"scroll","background-type":"","background-media":"","overlay-type":"","overlay-color":"","overlay-opacity":"","overlay-gradient":""},"mobile":{"background-color":"var(--ast-global-color-4)","background-image":"","background-repeat":"repeat","background-position":"center center","background-size":"auto","background-attachment":"scroll","background-type":"","background-media":"","overlay-type":"","overlay-color":"","overlay-opacity":"","overlay-gradient":""}}},"product_brand":[],"product_cat":[19],"product_tag":[],"class_list":{"0":"post-232","1":"product","2":"type-product","3":"status-publish","4":"has-post-thumbnail","6":"product_cat-dvd","7":"desktop-align-left","8":"tablet-align-left","9":"mobile-align-left","11":"first","12":"instock","13":"shipping-taxable","14":"purchasable","15":"product-type-simple"},"_links":{"self":[{"href":"https:\/\/www.yannpiquer.com\/index.php\/wp-json\/wp\/v2\/product\/232","targetHints":{"allow":["GET"]}}],"collection":[{"href":"https:\/\/www.yannpiquer.com\/index.php\/wp-json\/wp\/v2\/product"}],"about":[{"href":"https:\/\/www.yannpiquer.com\/index.php\/wp-json\/wp\/v2\/types\/product"}],"replies":[{"embeddable":true,"href":"https:\/\/www.yannpiquer.com\/index.php\/wp-json\/wp\/v2\/comments?post=232"}],"wp:featuredmedia":[{"embeddable":true,"href":"https:\/\/www.yannpiquer.com\/index.php\/wp-json\/wp\/v2\/media\/228"}],"wp:attachment":[{"href":"https:\/\/www.yannpiquer.com\/index.php\/wp-json\/wp\/v2\/media?parent=232"}],"wp:term":[{"taxonomy":"product_brand","embeddable":true,"href":"https:\/\/www.yannpiquer.com\/index.php\/wp-json\/wp\/v2\/product_brand?post=232"},{"taxonomy":"product_cat","embeddable":true,"href":"https:\/\/www.yannpiquer.com\/index.php\/wp-json\/wp\/v2\/product_cat?post=232"},{"taxonomy":"product_tag","embeddable":true,"href":"https:\/\/www.yannpiquer.com\/index.php\/wp-json\/wp\/v2\/product_tag?post=232"}],"curies":[{"name":"wp","href":"https:\/\/api.w.org\/{rel}","templated":true}]}}